{"id":350,"date":"2025-11-25T15:24:22","date_gmt":"2025-11-25T15:24:22","guid":{"rendered":"https:\/\/optimize-construction.dz\/?page_id=350"},"modified":"2025-11-27T08:12:31","modified_gmt":"2025-11-27T08:12:31","slug":"solutions-de-manutention","status":"publish","type":"page","link":"https:\/\/optimize-construction.dz\/index.php\/services\/solutions-de-manutention\/","title":{"rendered":"Solutions de Manutention"},"content":{"rendered":"\t\t<div data-elementor-type=\"wp-page\" data-elementor-id=\"350\" class=\"elementor elementor-350\">\n\t\t\t\t<div class=\"elementor-element elementor-element-5e3c0c6d e-flex e-con-boxed e-con e-parent\" data-id=\"5e3c0c6d\" data-element_type=\"container\" data-e-type=\"container\">\n\t\t\t\t\t<div class=\"e-con-inner\">\n\t\t\t\t<div class=\"elementor-element elementor-element-49b58a58 premium-header-block elementor-widget__width-initial premium-lq__none premium-box-lq__none elementor-widget elementor-widget-premium-addon-dual-header\" data-id=\"49b58a58\" data-element_type=\"widget\" data-e-type=\"widget\" data-widget_type=\"premium-addon-dual-header.default\">\n\t\t\t\t\t\n\t\t<div class=\"elementor-widget-container\">\n\t\t\t\t\t<h2 class=\"premium-dual-header-first-header \"><span class=\"premium-dual-header-first-span\"> <\/span><span class=\"premium-dual-header-second-header \">Solutions de Manutention Performantes<\/span><\/h2> \t\t\t\t<\/div>\n\n\t\t\t\t\t\t<\/div>\n\t\t\t\t<div class=\"elementor-element elementor-element-3b315d6b elementor-widget__width-initial elementor-widget elementor-widget-text-editor\" data-id=\"3b315d6b\" data-element_type=\"widget\" data-e-type=\"widget\" data-widget_type=\"text-editor.default\">\n\t\t\t\t<div class=\"elementor-widget-container\">\n\t\t\t\t\t\t\t\t\t<p>Nous proposons des solutions de manutention con\u00e7ues pour optimiser vos op\u00e9rations quotidiennes et renforcer l\u2019efficacit\u00e9 de votre site. Chaque \u00e9quipement est s\u00e9lectionn\u00e9 et configur\u00e9 pour r\u00e9pondre aux besoins de transport, levage, stockage et organisation de vos flux internes.<\/p>\t\t\t\t\t\t\t\t<\/div>\n\t\t\t\t<\/div>\n\t\t\t\t<div class=\"elementor-element elementor-element-5d9e6955 elementor-widget elementor-widget-spacer\" data-id=\"5d9e6955\" data-element_type=\"widget\" data-e-type=\"widget\" data-widget_type=\"spacer.default\">\n\t\t\t\t<div class=\"elementor-widget-container\">\n\t\t\t\t\t\t\t<div class=\"elementor-spacer\">\n\t\t\t<div class=\"elementor-spacer-inner\"><\/div>\n\t\t<\/div>\n\t\t\t\t\t\t<\/div>\n\t\t\t\t<\/div>\n\t\t<div class=\"elementor-element elementor-element-249de8a0 e-con-full e-flex e-con e-child\" data-id=\"249de8a0\" data-element_type=\"container\" data-e-type=\"container\" id=\"woo-add-to-cart\">\n\t\t<div class=\"elementor-element elementor-element-c05f9da e-con-full e-flex e-con e-child\" data-id=\"c05f9da\" data-element_type=\"container\" data-e-type=\"container\">\n\t\t\t\t<div class=\"elementor-element elementor-element-53a5e190 premium-header-block elementor-widget__width-initial premium-lq__none premium-box-lq__none elementor-widget elementor-widget-premium-addon-dual-header\" data-id=\"53a5e190\" data-element_type=\"widget\" data-e-type=\"widget\" data-widget_type=\"premium-addon-dual-header.default\">\n\t\t\t\t\t\n\t\t<div class=\"elementor-widget-container\">\n\t\t\t\t\t<h2 class=\"premium-dual-header-first-header \"><span class=\"premium-dual-header-first-span\"> <\/span><span class=\"premium-dual-header-second-header \">Optimisation des Op\u00e9rations<\/span><\/h2> \t\t\t\t<\/div>\n\n\t\t\t\t\t\t<\/div>\n\t\t\t\t<div class=\"elementor-element elementor-element-5f98f85c elementor-widget__width-initial elementor-widget elementor-widget-text-editor\" data-id=\"5f98f85c\" data-element_type=\"widget\" data-e-type=\"widget\" data-widget_type=\"text-editor.default\">\n\t\t\t\t<div class=\"elementor-widget-container\">\n\t\t\t\t\t\t\t\t\t<p>Nos syst\u00e8mes de manutention permettent de r\u00e9duire les d\u00e9placements inutiles, d\u2019acc\u00e9l\u00e9rer les processus et d\u2019am\u00e9liorer la circulation de vos marchandises. Vous gagnez en rapidit\u00e9, en s\u00e9curit\u00e9 et en fiabilit\u00e9.<\/p>\t\t\t\t\t\t\t\t<\/div>\n\t\t\t\t<\/div>\n\t\t\t\t<\/div>\n\t\t<div class=\"elementor-element elementor-element-6375299f e-con-full e-flex e-con e-child\" data-id=\"6375299f\" data-element_type=\"container\" data-e-type=\"container\">\n\t\t\t\t<div class=\"elementor-element elementor-element-1cdd211c elementor-widget elementor-widget-image\" data-id=\"1cdd211c\" data-element_type=\"widget\" data-e-type=\"widget\" data-widget_type=\"image.default\">\n\t\t\t\t<div class=\"elementor-widget-container\">\n\t\t\t\t\t\t\t\t\t\t\t\t\t\t\t<img fetchpriority=\"high\" decoding=\"async\" width=\"800\" height=\"533\" src=\"https:\/\/optimize-construction.dz\/wp-content\/uploads\/2025\/11\/68822b51e9c06-shutterstock_2343498385.jpg\" class=\"attachment-large size-large wp-image-414\" alt=\"\" srcset=\"https:\/\/optimize-construction.dz\/wp-content\/uploads\/2025\/11\/68822b51e9c06-shutterstock_2343498385.jpg 800w, https:\/\/optimize-construction.dz\/wp-content\/uploads\/2025\/11\/68822b51e9c06-shutterstock_2343498385-300x200.jpg 300w, https:\/\/optimize-construction.dz\/wp-content\/uploads\/2025\/11\/68822b51e9c06-shutterstock_2343498385-768x512.jpg 768w\" sizes=\"(max-width: 800px) 100vw, 800px\" \/>\t\t\t\t\t\t\t\t\t\t\t\t\t\t\t<\/div>\n\t\t\t\t<\/div>\n\t\t\t\t<\/div>\n\t\t\t\t<\/div>\n\t\t<div class=\"elementor-element elementor-element-6dd0dc2a e-con-full e-flex e-con e-child\" data-id=\"6dd0dc2a\" data-element_type=\"container\" data-e-type=\"container\" id=\"woo-add-to-wishlist\">\n\t\t<div class=\"elementor-element elementor-element-68e14ba1 e-con-full e-flex e-con e-child\" data-id=\"68e14ba1\" data-element_type=\"container\" data-e-type=\"container\">\n\t\t\t\t<div class=\"elementor-element elementor-element-2acc7741 premium-header-block elementor-widget__width-initial premium-lq__none premium-box-lq__none elementor-widget elementor-widget-premium-addon-dual-header\" data-id=\"2acc7741\" data-element_type=\"widget\" data-e-type=\"widget\" data-widget_type=\"premium-addon-dual-header.default\">\n\t\t\t\t\t\n\t\t<div class=\"elementor-widget-container\">\n\t\t\t\t\t<h2 class=\"premium-dual-header-first-header \"><span class=\"premium-dual-header-first-span\"> <\/span><span class=\"premium-dual-header-second-header \">\u00c9quipements Adapt\u00e9s \u00e0 Vos Besoins<\/span><\/h2> \t\t\t\t<\/div>\n\n\t\t\t\t\t\t<\/div>\n\t\t\t\t<div class=\"elementor-element elementor-element-7cb11a2e elementor-widget__width-initial elementor-widget elementor-widget-text-editor\" data-id=\"7cb11a2e\" data-element_type=\"widget\" data-e-type=\"widget\" data-widget_type=\"text-editor.default\">\n\t\t\t\t<div class=\"elementor-widget-container\">\n\t\t\t\t\t\t\t\t\t<p data-start=\"731\" data-end=\"935\">Chariots et diables professionnels<br data-start=\"767\" data-end=\"770\" \/>\u2022 Solutions de levage adapt\u00e9es aux environnements industriels<br data-start=\"831\" data-end=\"834\" \/>\u2022 Syst\u00e8mes de stockage modulaires<br data-start=\"867\" data-end=\"870\" \/>\u2022 Plateformes et \u00e9quipements sp\u00e9ciaux selon contraintes du site<\/p><p data-start=\"937\" data-end=\"1069\">Chaque solution est pens\u00e9e pour s\u2019int\u00e9grer facilement \u00e0 votre infrastructure et soutenir vos \u00e9quipes dans leurs t\u00e2ches quotidiennes.<\/p>\t\t\t\t\t\t\t\t<\/div>\n\t\t\t\t<\/div>\n\t\t\t\t<\/div>\n\t\t<div class=\"elementor-element elementor-element-6d033004 e-con-full e-flex e-con e-child\" data-id=\"6d033004\" data-element_type=\"container\" data-e-type=\"container\">\n\t\t\t\t<div class=\"elementor-element elementor-element-3b4fb4df elementor-widget elementor-widget-image\" data-id=\"3b4fb4df\" data-element_type=\"widget\" data-e-type=\"widget\" data-widget_type=\"image.default\">\n\t\t\t\t<div class=\"elementor-widget-container\">\n\t\t\t\t\t\t\t\t\t\t\t\t\t\t\t<img decoding=\"async\" width=\"1024\" height=\"683\" src=\"https:\/\/optimize-construction.dz\/wp-content\/uploads\/2025\/11\/Banner-1024x683.webp\" class=\"attachment-large size-large wp-image-415\" alt=\"\" srcset=\"https:\/\/optimize-construction.dz\/wp-content\/uploads\/2025\/11\/Banner-1024x683.webp 1024w, https:\/\/optimize-construction.dz\/wp-content\/uploads\/2025\/11\/Banner-300x200.webp 300w, https:\/\/optimize-construction.dz\/wp-content\/uploads\/2025\/11\/Banner-768x512.webp 768w, https:\/\/optimize-construction.dz\/wp-content\/uploads\/2025\/11\/Banner.webp 1200w\" sizes=\"(max-width: 1024px) 100vw, 1024px\" \/>\t\t\t\t\t\t\t\t\t\t\t\t\t\t\t<\/div>\n\t\t\t\t<\/div>\n\t\t\t\t<\/div>\n\t\t\t\t<\/div>\n\t\t<div class=\"elementor-element elementor-element-11939d2 e-con-full e-flex e-con e-child\" data-id=\"11939d2\" data-element_type=\"container\" data-e-type=\"container\" id=\"woo-add-to-compare\">\n\t\t<div class=\"elementor-element elementor-element-78854903 e-con-full e-flex e-con e-child\" data-id=\"78854903\" data-element_type=\"container\" data-e-type=\"container\">\n\t\t\t\t<div class=\"elementor-element elementor-element-487391e5 premium-header-block elementor-widget__width-initial premium-lq__none premium-box-lq__none elementor-widget elementor-widget-premium-addon-dual-header\" data-id=\"487391e5\" data-element_type=\"widget\" data-e-type=\"widget\" data-widget_type=\"premium-addon-dual-header.default\">\n\t\t\t\t\t\n\t\t<div class=\"elementor-widget-container\">\n\t\t\t\t\t<h2 class=\"premium-dual-header-first-header \"><span class=\"premium-dual-header-first-span\"> <\/span><span class=\"premium-dual-header-second-header \">S\u00e9curit\u00e9 et Productivit\u00e9 Am\u00e9lior\u00e9es<\/span><\/h2> \t\t\t\t<\/div>\n\n\t\t\t\t\t\t<\/div>\n\t\t\t\t<div class=\"elementor-element elementor-element-7089c5de elementor-widget__width-initial elementor-widget elementor-widget-text-editor\" data-id=\"7089c5de\" data-element_type=\"widget\" data-e-type=\"widget\" data-widget_type=\"text-editor.default\">\n\t\t\t\t<div class=\"elementor-widget-container\">\n\t\t\t\t\t\t\t\t\t<p data-start=\"1117\" data-end=\"1325\">Nos \u00e9quipements contribuent \u00e0 r\u00e9duire les risques li\u00e9s \u00e0 la manutention manuelle et garantissent un environnement de travail mieux organis\u00e9. Productivit\u00e9 accrue, s\u00e9curit\u00e9 renforc\u00e9e, usure du mat\u00e9riel r\u00e9duite.<\/p>\t\t\t\t\t\t\t\t<\/div>\n\t\t\t\t<\/div>\n\t\t\t\t<\/div>\n\t\t<div class=\"elementor-element elementor-element-a05da8d e-con-full e-flex e-con e-child\" data-id=\"a05da8d\" data-element_type=\"container\" data-e-type=\"container\">\n\t\t\t\t<div class=\"elementor-element elementor-element-ad16aea premium-header-block elementor-widget__width-initial premium-lq__none premium-box-lq__none elementor-widget elementor-widget-premium-addon-dual-header\" data-id=\"ad16aea\" data-element_type=\"widget\" data-e-type=\"widget\" data-widget_type=\"premium-addon-dual-header.default\">\n\t\t\t\t\t\n\t\t<div class=\"elementor-widget-container\">\n\t\t\t\t\t<h2 class=\"premium-dual-header-first-header \"><span class=\"premium-dual-header-first-span\"> <\/span><span class=\"premium-dual-header-second-header \">Accompagnement &amp; Installation<\/span><\/h2> \t\t\t\t<\/div>\n\n\t\t\t\t\t\t<\/div>\n\t\t\t\t<div class=\"elementor-element elementor-element-50f38ab elementor-widget__width-initial elementor-widget elementor-widget-text-editor\" data-id=\"50f38ab\" data-element_type=\"widget\" data-e-type=\"widget\" data-widget_type=\"text-editor.default\">\n\t\t\t\t<div class=\"elementor-widget-container\">\n\t\t\t\t\t\t\t\t\t<p data-start=\"1117\" data-end=\"1325\">Nous assurons une \u00e9tude compl\u00e8te de vos besoins, la recommandation des \u00e9quipements adapt\u00e9s, ainsi que leur mise en place et leur maintenance. Vous b\u00e9n\u00e9ficiez d\u2019un service fiable et durable.<\/p>\t\t\t\t\t\t\t\t<\/div>\n\t\t\t\t<\/div>\n\t\t\t\t<\/div>\n\t\t\t\t<\/div>\n\t\t\t\t\t<\/div>\n\t\t\t\t<\/div>\n\t\t\t\t<\/div>\n\t\t","protected":false},"excerpt":{"rendered":"<p>Solutions de Manutention Performantes Nous proposons des solutions de manutention con\u00e7ues pour optimiser vos op\u00e9rations quotidiennes et renforcer l\u2019efficacit\u00e9 de [&hellip;]<\/p>\n","protected":false},"author":1,"featured_media":0,"parent":11,"menu_order":0,"comment_status":"closed","ping_status":"closed","template":"elementor_header_footer","meta":{"site-sidebar-layout":"no-sidebar","site-content-layout":"","ast-site-content-layout":"full-width-container","site-content-style":"default","site-sidebar-style":"default","ast-global-header-display":"","ast-banner-title-visibility":"","ast-main-header-display":"","ast-hfb-above-header-display":"","ast-hfb-below-header-display":"","ast-hfb-mobile-header-display":"","site-post-title":"","ast-breadcrumbs-content":"","ast-featured-img":"disabled","footer-sml-layout":"","ast-disable-related-posts":"","theme-transparent-header-meta":"","adv-header-id-meta":"","stick-header-meta":"","header-above-stick-meta":"","header-main-stick-meta":"","header-below-stick-meta":"","astra-migrate-meta-layouts":"default","ast-page-background-enabled":"default","ast-page-background-meta":{"desktop":{"background-color":"var(--ast-global-color-5)","background-image":"","background-repeat":"repeat","background-position":"center center","background-size":"auto","background-attachment":"scroll","background-type":"","background-media":"","overlay-type":"","overlay-color":"","overlay-opacity":"","overlay-gradient":""},"tablet":{"background-color":"","background-image":"","background-repeat":"repeat","background-position":"center center","background-size":"auto","background-attachment":"scroll","background-type":"","background-media":"","overlay-type":"","overlay-color":"","overlay-opacity":"","overlay-gradient":""},"mobile":{"background-color":"","background-image":"","background-repeat":"repeat","background-position":"center center","background-size":"auto","background-attachment":"scroll","background-type":"","background-media":"","overlay-type":"","overlay-color":"","overlay-opacity":"","overlay-gradient":""}},"ast-content-background-meta":{"desktop":{"background-color":"var(--ast-global-color-4)","background-image":"","background-repeat":"repeat","background-position":"center center","background-size":"auto","background-attachment":"scroll","background-type":"","background-media":"","overlay-type":"","overlay-color":"","overlay-opacity":"","overlay-gradient":""},"tablet":{"background-color":"var(--ast-global-color-4)","background-image":"","background-repeat":"repeat","background-position":"center center","background-size":"auto","background-attachment":"scroll","background-type":"","background-media":"","overlay-type":"","overlay-color":"","overlay-opacity":"","overlay-gradient":""},"mobile":{"background-color":"var(--ast-global-color-4)","background-image":"","background-repeat":"repeat","background-position":"center center","background-size":"auto","background-attachment":"scroll","background-type":"","background-media":"","overlay-type":"","overlay-color":"","overlay-opacity":"","overlay-gradient":""}},"footnotes":""},"class_list":["post-350","page","type-page","status-publish","hentry"],"_links":{"self":[{"href":"https:\/\/optimize-construction.dz\/index.php\/wp-json\/wp\/v2\/pages\/350","targetHints":{"allow":["GET"]}}],"collection":[{"href":"https:\/\/optimize-construction.dz\/index.php\/wp-json\/wp\/v2\/pages"}],"about":[{"href":"https:\/\/optimize-construction.dz\/index.php\/wp-json\/wp\/v2\/types\/page"}],"author":[{"embeddable":true,"href":"https:\/\/optimize-construction.dz\/index.php\/wp-json\/wp\/v2\/users\/1"}],"replies":[{"embeddable":true,"href":"https:\/\/optimize-construction.dz\/index.php\/wp-json\/wp\/v2\/comments?post=350"}],"version-history":[{"count":5,"href":"https:\/\/optimize-construction.dz\/index.php\/wp-json\/wp\/v2\/pages\/350\/revisions"}],"predecessor-version":[{"id":418,"href":"https:\/\/optimize-construction.dz\/index.php\/wp-json\/wp\/v2\/pages\/350\/revisions\/418"}],"up":[{"embeddable":true,"href":"https:\/\/optimize-construction.dz\/index.php\/wp-json\/wp\/v2\/pages\/11"}],"wp:attachment":[{"href":"https:\/\/optimize-construction.dz\/index.php\/wp-json\/wp\/v2\/media?parent=350"}],"curies":[{"name":"wp","href":"https:\/\/api.w.org\/{rel}","templated":true}]}}