{"id":352,"date":"2025-11-25T15:25:09","date_gmt":"2025-11-25T15:25:09","guid":{"rendered":"https:\/\/optimize-construction.dz\/?page_id=352"},"modified":"2025-11-27T08:20:00","modified_gmt":"2025-11-27T08:20:00","slug":"consommables-industriels","status":"publish","type":"page","link":"https:\/\/optimize-construction.dz\/index.php\/services\/consommables-industriels\/","title":{"rendered":"Consommables Industriels"},"content":{"rendered":"\t\t<div data-elementor-type=\"wp-page\" data-elementor-id=\"352\" class=\"elementor elementor-352\">\n\t\t\t\t<div class=\"elementor-element elementor-element-55527469 e-flex e-con-boxed e-con e-parent\" data-id=\"55527469\" data-element_type=\"container\" data-e-type=\"container\">\n\t\t\t\t\t<div class=\"e-con-inner\">\n\t\t\t\t<div class=\"elementor-element elementor-element-3f1cc950 premium-header-block elementor-widget__width-initial premium-lq__none premium-box-lq__none elementor-widget elementor-widget-premium-addon-dual-header\" data-id=\"3f1cc950\" data-element_type=\"widget\" data-e-type=\"widget\" data-widget_type=\"premium-addon-dual-header.default\">\n\t\t\t\t\t\n\t\t<div class=\"elementor-widget-container\">\n\t\t\t\t\t<h2 class=\"premium-dual-header-first-header \"><span class=\"premium-dual-header-first-span\"> <\/span><span class=\"premium-dual-header-second-header \">Consommables Industriels<\/span><\/h2> \t\t\t\t<\/div>\n\n\t\t\t\t\t\t<\/div>\n\t\t\t\t<div class=\"elementor-element elementor-element-3369e739 elementor-widget__width-initial elementor-widget elementor-widget-text-editor\" data-id=\"3369e739\" data-element_type=\"widget\" data-e-type=\"widget\" data-widget_type=\"text-editor.default\">\n\t\t\t\t<div class=\"elementor-widget-container\">\n\t\t\t\t\t\t\t\t\t<p data-start=\"156\" data-end=\"445\">Nous fournissons une large gamme de consommables industriels destin\u00e9s \u00e0 garantir la continuit\u00e9 et la performance de vos op\u00e9rations. Nos produits r\u00e9pondent aux exigences des environnements professionnels les plus vari\u00e9s, qu\u2019il s\u2019agisse de maintenance, de production ou de s\u00e9curit\u00e9 sur site.<\/p>\t\t\t\t\t\t\t\t<\/div>\n\t\t\t\t<\/div>\n\t\t\t\t<div class=\"elementor-element elementor-element-473aba23 elementor-widget elementor-widget-spacer\" data-id=\"473aba23\" data-element_type=\"widget\" data-e-type=\"widget\" data-widget_type=\"spacer.default\">\n\t\t\t\t<div class=\"elementor-widget-container\">\n\t\t\t\t\t\t\t<div class=\"elementor-spacer\">\n\t\t\t<div class=\"elementor-spacer-inner\"><\/div>\n\t\t<\/div>\n\t\t\t\t\t\t<\/div>\n\t\t\t\t<\/div>\n\t\t<div class=\"elementor-element elementor-element-7c1e33f7 e-con-full e-flex e-con e-child\" data-id=\"7c1e33f7\" data-element_type=\"container\" data-e-type=\"container\" id=\"woo-add-to-cart\">\n\t\t<div class=\"elementor-element elementor-element-1107a82b e-con-full e-flex e-con e-child\" data-id=\"1107a82b\" data-element_type=\"container\" data-e-type=\"container\">\n\t\t\t\t<div class=\"elementor-element elementor-element-e37e0d7 premium-header-block elementor-widget__width-initial premium-lq__none premium-box-lq__none elementor-widget elementor-widget-premium-addon-dual-header\" data-id=\"e37e0d7\" data-element_type=\"widget\" data-e-type=\"widget\" data-widget_type=\"premium-addon-dual-header.default\">\n\t\t\t\t\t\n\t\t<div class=\"elementor-widget-container\">\n\t\t\t\t\t<h2 class=\"premium-dual-header-first-header \"><span class=\"premium-dual-header-first-span\"> <\/span><span class=\"premium-dual-header-second-header \">Produits Essentiels pour Vos Activit\u00e9s<\/span><\/h2> \t\t\t\t<\/div>\n\n\t\t\t\t\t\t<\/div>\n\t\t\t\t<div class=\"elementor-element elementor-element-48fc6509 elementor-widget__width-initial elementor-widget elementor-widget-text-editor\" data-id=\"48fc6509\" data-element_type=\"widget\" data-e-type=\"widget\" data-widget_type=\"text-editor.default\">\n\t\t\t\t<div class=\"elementor-widget-container\">\n\t\t\t\t\t\t\t\t\t<p data-start=\"496\" data-end=\"771\">Nos consommables couvrent l\u2019ensemble de vos besoins quotidiens :<br data-start=\"560\" data-end=\"563\" \/>\u2022 \u00c9quipements de s\u00e9curit\u00e9 (gants, casques, protections)<br data-start=\"618\" data-end=\"621\" \/>\u2022 Fournitures de maintenance et d\u2019entretien<br data-start=\"664\" data-end=\"667\" \/>\u2022 Produits pour ateliers et zones de production<br data-start=\"714\" data-end=\"717\" \/>\u2022 Accessoires techniques et consommables sp\u00e9cialis\u00e9s<\/p><p data-start=\"773\" data-end=\"876\">Chaque article est s\u00e9lectionn\u00e9 pour sa fiabilit\u00e9, sa durabilit\u00e9 et sa conformit\u00e9 aux normes en vigueur.<\/p>\t\t\t\t\t\t\t\t<\/div>\n\t\t\t\t<\/div>\n\t\t\t\t<\/div>\n\t\t<div class=\"elementor-element elementor-element-137bb4d4 e-con-full e-flex e-con e-child\" data-id=\"137bb4d4\" data-element_type=\"container\" data-e-type=\"container\">\n\t\t\t\t<div class=\"elementor-element elementor-element-5a62ba67 elementor-widget elementor-widget-image\" data-id=\"5a62ba67\" data-element_type=\"widget\" data-e-type=\"widget\" data-widget_type=\"image.default\">\n\t\t\t\t<div class=\"elementor-widget-container\">\n\t\t\t\t\t\t\t\t\t\t\t\t\t\t\t<img fetchpriority=\"high\" decoding=\"async\" width=\"1024\" height=\"512\" src=\"https:\/\/optimize-construction.dz\/wp-content\/uploads\/2025\/11\/groupe-consommables2-1-scaled-1-1024x512.webp\" class=\"attachment-large size-large wp-image-420\" alt=\"\" srcset=\"https:\/\/optimize-construction.dz\/wp-content\/uploads\/2025\/11\/groupe-consommables2-1-scaled-1-1024x512.webp 1024w, https:\/\/optimize-construction.dz\/wp-content\/uploads\/2025\/11\/groupe-consommables2-1-scaled-1-300x150.webp 300w, https:\/\/optimize-construction.dz\/wp-content\/uploads\/2025\/11\/groupe-consommables2-1-scaled-1-768x384.webp 768w, https:\/\/optimize-construction.dz\/wp-content\/uploads\/2025\/11\/groupe-consommables2-1-scaled-1-1536x768.webp 1536w, https:\/\/optimize-construction.dz\/wp-content\/uploads\/2025\/11\/groupe-consommables2-1-scaled-1-2048x1024.webp 2048w\" sizes=\"(max-width: 1024px) 100vw, 1024px\" \/>\t\t\t\t\t\t\t\t\t\t\t\t\t\t\t<\/div>\n\t\t\t\t<\/div>\n\t\t\t\t<\/div>\n\t\t\t\t<\/div>\n\t\t<div class=\"elementor-element elementor-element-760aa0d4 e-con-full e-flex e-con e-child\" data-id=\"760aa0d4\" data-element_type=\"container\" data-e-type=\"container\" id=\"woo-add-to-wishlist\">\n\t\t<div class=\"elementor-element elementor-element-7c290c11 e-con-full e-flex e-con e-child\" data-id=\"7c290c11\" data-element_type=\"container\" data-e-type=\"container\">\n\t\t\t\t<div class=\"elementor-element elementor-element-f03ccb7 premium-header-block elementor-widget__width-initial premium-lq__none premium-box-lq__none elementor-widget elementor-widget-premium-addon-dual-header\" data-id=\"f03ccb7\" data-element_type=\"widget\" data-e-type=\"widget\" data-widget_type=\"premium-addon-dual-header.default\">\n\t\t\t\t\t\n\t\t<div class=\"elementor-widget-container\">\n\t\t\t\t\t<h2 class=\"premium-dual-header-first-header \"><span class=\"premium-dual-header-first-span\"> <\/span><span class=\"premium-dual-header-second-header \">Qualit\u00e9 et Disponibilit\u00e9<\/span><\/h2> \t\t\t\t<\/div>\n\n\t\t\t\t\t\t<\/div>\n\t\t\t\t<div class=\"elementor-element elementor-element-1936648 elementor-widget__width-initial elementor-widget elementor-widget-text-editor\" data-id=\"1936648\" data-element_type=\"widget\" data-e-type=\"widget\" data-widget_type=\"text-editor.default\">\n\t\t\t\t<div class=\"elementor-widget-container\">\n\t\t\t\t\t\t\t\t\t<p>Nous mettons \u00e0 votre disposition des produits de marques reconnues et test\u00e9es. Notre service garantit une disponibilit\u00e9 rapide et un approvisionnement constant afin d\u2019\u00e9viter toute interruption dans vos op\u00e9rations.<\/p>\t\t\t\t\t\t\t\t<\/div>\n\t\t\t\t<\/div>\n\t\t\t\t<\/div>\n\t\t<div class=\"elementor-element elementor-element-1bff147 e-con-full e-flex e-con e-child\" data-id=\"1bff147\" data-element_type=\"container\" data-e-type=\"container\">\n\t\t\t\t<div class=\"elementor-element elementor-element-cf54624 premium-header-block elementor-widget__width-initial premium-lq__none premium-box-lq__none elementor-widget elementor-widget-premium-addon-dual-header\" data-id=\"cf54624\" data-element_type=\"widget\" data-e-type=\"widget\" data-widget_type=\"premium-addon-dual-header.default\">\n\t\t\t\t\t\n\t\t<div class=\"elementor-widget-container\">\n\t\t\t\t\t<h2 class=\"premium-dual-header-first-header \"><span class=\"premium-dual-header-first-span\"> <\/span><span class=\"premium-dual-header-second-header \">Un Partenaire pour Votre Productivit\u00e9<\/span><\/h2> \t\t\t\t<\/div>\n\n\t\t\t\t\t\t<\/div>\n\t\t\t\t<div class=\"elementor-element elementor-element-2465d9e elementor-widget__width-initial elementor-widget elementor-widget-text-editor\" data-id=\"2465d9e\" data-element_type=\"widget\" data-e-type=\"widget\" data-widget_type=\"text-editor.default\">\n\t\t\t\t<div class=\"elementor-widget-container\">\n\t\t\t\t\t\t\t\t\t<p>Gr\u00e2ce \u00e0 nos consommables industriels, vous renforcez la s\u00e9curit\u00e9, la performance et la durabilit\u00e9 de vos \u00e9quipements. Nous vous accompagnons dans le choix des articles les plus adapt\u00e9s \u00e0 votre secteur et \u00e0 vos contraintes.<\/p>\t\t\t\t\t\t\t\t<\/div>\n\t\t\t\t<\/div>\n\t\t\t\t<\/div>\n\t\t\t\t<\/div>\n\t\t\t\t\t<\/div>\n\t\t\t\t<\/div>\n\t\t\t\t<\/div>\n\t\t","protected":false},"excerpt":{"rendered":"<p>Consommables Industriels Nous fournissons une large gamme de consommables industriels destin\u00e9s \u00e0 garantir la continuit\u00e9 et la performance de vos [&hellip;]<\/p>\n","protected":false},"author":1,"featured_media":0,"parent":11,"menu_order":0,"comment_status":"closed","ping_status":"closed","template":"elementor_header_footer","meta":{"site-sidebar-layout":"no-sidebar","site-content-layout":"","ast-site-content-layout":"full-width-container","site-content-style":"default","site-sidebar-style":"default","ast-global-header-display":"","ast-banner-title-visibility":"","ast-main-header-display":"","ast-hfb-above-header-display":"","ast-hfb-below-header-display":"","ast-hfb-mobile-header-display":"","site-post-title":"","ast-breadcrumbs-content":"","ast-featured-img":"disabled","footer-sml-layout":"","ast-disable-related-posts":"","theme-transparent-header-meta":"","adv-header-id-meta":"","stick-header-meta":"","header-above-stick-meta":"","header-main-stick-meta":"","header-below-stick-meta":"","astra-migrate-meta-layouts":"default","ast-page-background-enabled":"default","ast-page-background-meta":{"desktop":{"background-color":"var(--ast-global-color-5)","background-image":"","background-repeat":"repeat","background-position":"center center","background-size":"auto","background-attachment":"scroll","background-type":"","background-media":"","overlay-type":"","overlay-color":"","overlay-opacity":"","overlay-gradient":""},"tablet":{"background-color":"","background-image":"","background-repeat":"repeat","background-position":"center center","background-size":"auto","background-attachment":"scroll","background-type":"","background-media":"","overlay-type":"","overlay-color":"","overlay-opacity":"","overlay-gradient":""},"mobile":{"background-color":"","background-image":"","background-repeat":"repeat","background-position":"center center","background-size":"auto","background-attachment":"scroll","background-type":"","background-media":"","overlay-type":"","overlay-color":"","overlay-opacity":"","overlay-gradient":""}},"ast-content-background-meta":{"desktop":{"background-color":"var(--ast-global-color-4)","background-image":"","background-repeat":"repeat","background-position":"center center","background-size":"auto","background-attachment":"scroll","background-type":"","background-media":"","overlay-type":"","overlay-color":"","overlay-opacity":"","overlay-gradient":""},"tablet":{"background-color":"var(--ast-global-color-4)","background-image":"","background-repeat":"repeat","background-position":"center center","background-size":"auto","background-attachment":"scroll","background-type":"","background-media":"","overlay-type":"","overlay-color":"","overlay-opacity":"","overlay-gradient":""},"mobile":{"background-color":"var(--ast-global-color-4)","background-image":"","background-repeat":"repeat","background-position":"center center","background-size":"auto","background-attachment":"scroll","background-type":"","background-media":"","overlay-type":"","overlay-color":"","overlay-opacity":"","overlay-gradient":""}},"footnotes":""},"class_list":["post-352","page","type-page","status-publish","hentry"],"_links":{"self":[{"href":"https:\/\/optimize-construction.dz\/index.php\/wp-json\/wp\/v2\/pages\/352","targetHints":{"allow":["GET"]}}],"collection":[{"href":"https:\/\/optimize-construction.dz\/index.php\/wp-json\/wp\/v2\/pages"}],"about":[{"href":"https:\/\/optimize-construction.dz\/index.php\/wp-json\/wp\/v2\/types\/page"}],"author":[{"embeddable":true,"href":"https:\/\/optimize-construction.dz\/index.php\/wp-json\/wp\/v2\/users\/1"}],"replies":[{"embeddable":true,"href":"https:\/\/optimize-construction.dz\/index.php\/wp-json\/wp\/v2\/comments?post=352"}],"version-history":[{"count":5,"href":"https:\/\/optimize-construction.dz\/index.php\/wp-json\/wp\/v2\/pages\/352\/revisions"}],"predecessor-version":[{"id":423,"href":"https:\/\/optimize-construction.dz\/index.php\/wp-json\/wp\/v2\/pages\/352\/revisions\/423"}],"up":[{"embeddable":true,"href":"https:\/\/optimize-construction.dz\/index.php\/wp-json\/wp\/v2\/pages\/11"}],"wp:attachment":[{"href":"https:\/\/optimize-construction.dz\/index.php\/wp-json\/wp\/v2\/media?parent=352"}],"curies":[{"name":"wp","href":"https:\/\/api.w.org\/{rel}","templated":true}]}}